{"id":846,"date":"2025-11-25T20:32:25","date_gmt":"2025-11-25T20:32:25","guid":{"rendered":"https:\/\/martinezlegal.co\/politica-de-privacidad\/"},"modified":"2025-11-25T20:32:25","modified_gmt":"2025-11-25T20:32:25","slug":"politica-de-privacidad","status":"publish","type":"page","link":"https:\/\/martinezlegal.co\/es\/politica-de-privacidad\/","title":{"rendered":"Pol\u00edtica de privacidad"},"content":{"rendered":"<p><div class=\"fusion-fullwidth fullwidth-box fusion-builder-row-1 fusion-flex-container has-pattern-background has-mask-background hundred-percent-fullwidth non-hundred-percent-height-scrolling\" style=\"--awb-border-radius-top-left:0px;--awb-border-radius-top-right:0px;--awb-border-radius-bottom-right:0px;--awb-border-radius-bottom-left:0px;--awb-min-height:120px;--awb-background-color:var(--awb-custom_color_4);--awb-flex-wrap:wrap;\" ><div class=\"fusion-builder-row fusion-row fusion-flex-align-items-flex-start fusion-flex-align-content-center fusion-flex-content-wrap\" style=\"width:104% !important;max-width:104% !important;margin-left: calc(-4% \/ 2 );margin-right: calc(-4% \/ 2 );\"><div class=\"fusion-layout-column fusion_builder_column fusion-builder-column-0 fusion_builder_column_1_1 1_1 fusion-flex-column\" style=\"--awb-bg-size:cover;--awb-width-large:100%;--awb-margin-top-large:0px;--awb-spacing-right-large:1.92%;--awb-margin-bottom-large:0px;--awb-spacing-left-large:1.92%;--awb-width-medium:100%;--awb-order-medium:0;--awb-spacing-right-medium:1.92%;--awb-spacing-left-medium:1.92%;--awb-width-small:100%;--awb-order-small:0;--awb-spacing-right-small:1.92%;--awb-spacing-left-small:1.92%;\"><div class=\"fusion-column-wrapper fusion-column-has-shadow fusion-flex-justify-content-flex-start fusion-content-layout-column\"><div class=\"fusion-title title fusion-title-1 fusion-sep-none fusion-title-center fusion-title-text fusion-title-size-one\" style=\"--awb-text-color:var(--awb-color1);--awb-margin-top:0px;--awb-margin-bottom:0px;--awb-font-size:44px;\"><h1 class=\"fusion-title-heading title-heading-center\" style=\"font-family:&quot;HalttoLight&quot;;font-style:normal;font-weight:400;margin:0;font-size:1em;line-height:54px;\">Pol\u00edtica de privacidad<\/h1><\/div><\/div><\/div><\/div><\/div><div class=\"fusion-fullwidth fullwidth-box fusion-builder-row-2 fusion-flex-container has-pattern-background has-mask-background nonhundred-percent-fullwidth non-hundred-percent-height-scrolling\" style=\"--awb-border-radius-top-left:0px;--awb-border-radius-top-right:0px;--awb-border-radius-bottom-right:0px;--awb-border-radius-bottom-left:0px;--awb-padding-top:5%;--awb-padding-bottom:4%;--awb-flex-wrap:wrap;\" ><div class=\"fusion-builder-row fusion-row fusion-flex-align-items-flex-start fusion-flex-content-wrap\" style=\"max-width:1248px;margin-left: calc(-4% \/ 2 );margin-right: calc(-4% \/ 2 );\"><div class=\"fusion-layout-column fusion_builder_column fusion-builder-column-1 fusion_builder_column_1_1 1_1 fusion-flex-column\" style=\"--awb-bg-size:cover;--awb-width-large:100%;--awb-margin-top-large:0px;--awb-spacing-right-large:1.92%;--awb-margin-bottom-large:0px;--awb-spacing-left-large:1.92%;--awb-width-medium:100%;--awb-spacing-right-medium:1.92%;--awb-spacing-left-medium:1.92%;--awb-width-small:100%;--awb-spacing-right-small:1.92%;--awb-spacing-left-small:1.92%;\"><div class=\"fusion-column-wrapper fusion-flex-justify-content-flex-start fusion-content-layout-column\"><div class=\"fusion-text fusion-text-1\"><p data-start=\"426\" data-end=\"839\"><strong data-start=\"426\" data-end=\"445\">1. Introducci\u00f3n<\/strong><br data-start=\"445\" data-end=\"448\">Bienvenido a <a class=\"decorated-link\" href=\"https:\/\/martinezlegal.co\/es\/\" target=\"_new\" rel=\"noopener\" data-start=\"459\" data-end=\"486\">https:\/\/martinezlegal.co\/<\/a> (el \u201cSitio\u201d). Carlos D. Martinez se compromete a proteger su privacidad y a garantizar que tenga una experiencia positiva al visitar nuestro Sitio o utilizar nuestros servicios. Esta Pol\u00edtica de privacidad explica c\u00f3mo recopilamos, utilizamos, divulgamos y protegemos su informaci\u00f3n cuando visita nuestro Sitio.<br data-start=\"758\" data-end=\"761\">Al acceder o utilizar el Sitio, acepta los t\u00e9rminos de esta Pol\u00edtica de privacidad.  <\/p>\n<p data-start=\"841\" data-end=\"1291\"><strong data-start=\"841\" data-end=\"882\">2. Alcance y a qui\u00e9n se aplica esta pol\u00edtica<\/strong><br data-start=\"882\" data-end=\"885\">Esta pol\u00edtica se aplica a la informaci\u00f3n recopilada a trav\u00e9s del sitio, incluso a trav\u00e9s de formularios, cookies, an\u00e1lisis y otras tecnolog\u00edas de seguimiento. Se aplica a los visitantes del sitio, los posibles clientes, los usuarios que se registran para recibir servicios y otras personas cuyos datos podamos procesar.<br data-start=\"1159\" data-end=\"1162\">Si utiliza alguna aplicaci\u00f3n m\u00f3vil u otros servicios bajo la marca Carlos D. Martinez, tambi\u00e9n debe consultar sus avisos de privacidad espec\u00edficos. <\/p>\n<p data-start=\"1293\" data-end=\"1406\"><strong data-start=\"1293\" data-end=\"1322\">3. Informaci\u00f3n que recopilamos<\/strong><br data-start=\"1322\" data-end=\"1325\">Podemos recopilar las siguientes categor\u00edas de informaci\u00f3n personal y no personal:<\/p>\n<ul data-start=\"1408\" data-end=\"2285\">\n<li data-start=\"1408\" data-end=\"1642\">\n<p data-start=\"1410\" data-end=\"1642\"><strong data-start=\"1410\" data-end=\"1447\">Informaci\u00f3n personal que proporciona:<\/strong> como su nombre, direcci\u00f3n de correo electr\u00f3nico, direcci\u00f3n postal, n\u00famero de tel\u00e9fono, nombre de la empresa, cargo, etc., cuando rellena un formulario (por ejemplo, solicitud de contacto, suscripci\u00f3n al bolet\u00edn) o interact\u00faa con nosotros de otro modo.<\/p>\n<\/li>\n<li data-start=\"1643\" data-end=\"1875\">\n<p data-start=\"1645\" data-end=\"1875\"><strong data-start=\"1645\" data-end=\"1685\">Informaci\u00f3n recopilada autom\u00e1ticamente:<\/strong> cuando visita el sitio, podemos recopilar su direcci\u00f3n IP, tipo de navegador, sistema operativo, URL de referencia, p\u00e1ginas visitadas, hora y fecha de las visitas, datos de flujo de clics, identificadores de dispositivo, etc.<\/p>\n<\/li>\n<li data-start=\"1876\" data-end=\"2068\">\n<p data-start=\"1878\" data-end=\"2068\"><strong data-start=\"1878\" data-end=\"1916\">Cookies y tecnolog\u00edas de seguimiento:<\/strong> podemos utilizar cookies, balizas web, p\u00edxeles y otras tecnolog\u00edas para recopilar datos de uso y realizar un seguimiento de sus interacciones con el sitio (consulte la secci\u00f3n 7 a continuaci\u00f3n).<\/p>\n<\/li>\n<li data-start=\"2069\" data-end=\"2285\">\n<p data-start=\"2071\" data-end=\"2285\"><strong data-start=\"2071\" data-end=\"2095\">Fuentes de terceros:<\/strong> podemos obtener informaci\u00f3n de servicios de terceros (por ejemplo, proveedores de an\u00e1lisis, plataformas de marketing o directorios de empresas) de acuerdo con su consentimiento o nuestros intereses leg\u00edtimos.<\/p>\n<\/li>\n<\/ul>\n<p data-start=\"2287\" data-end=\"2385\"><strong data-start=\"2287\" data-end=\"2321\">4. C\u00f3mo utilizamos su informaci\u00f3n<\/strong><br data-start=\"2321\" data-end=\"2324\">Utilizamos la informaci\u00f3n que recopilamos para los siguientes fines:<\/p>\n<ul data-start=\"2387\" data-end=\"2944\">\n<li data-start=\"2387\" data-end=\"2511\">\n<p data-start=\"2389\" data-end=\"2511\">Para responder a sus preguntas y proporcionarle los servicios que solicita (por ejemplo, solicitudes de formulario de contacto, solicitudes de demostraci\u00f3n).<\/p>\n<\/li>\n<li data-start=\"2512\" data-end=\"2590\">\n<p data-start=\"2514\" data-end=\"2590\">Para operar, mantener y mejorar nuestro sitio, servicios y experiencia del usuario.<\/p>\n<\/li>\n<li data-start=\"2591\" data-end=\"2707\">\n<p data-start=\"2593\" data-end=\"2707\">Para enviarle comunicaciones administrativas, materiales de marketing (si se ha suscrito), actualizaciones y boletines.<\/p>\n<\/li>\n<li data-start=\"2708\" data-end=\"2870\">\n<p data-start=\"2710\" data-end=\"2870\">Para fines de an\u00e1lisis e inteligencia empresarial: analizar las tendencias en la forma en que se utiliza el sitio, qu\u00e9 caracter\u00edsticas son populares, identificar problemas y oportunidades.<\/p>\n<\/li>\n<li data-start=\"2871\" data-end=\"2944\">\n<p data-start=\"2873\" data-end=\"2944\">Para cumplir con las obligaciones legales o para hacer valer nuestros derechos o contratos.<\/p>\n<\/li>\n<\/ul>\n<p data-start=\"2946\" data-end=\"3165\"><strong data-start=\"2946\" data-end=\"3009\">5. Base legal para el procesamiento (si es relevante para los usuarios de la UE\/EEE)<\/strong><br data-start=\"3009\" data-end=\"3012\">Si se encuentra en el Espacio Econ\u00f3mico Europeo (EEE) u otras jurisdicciones que requieren una base legal para el procesamiento de datos, nuestra base legal puede incluir:<\/p>\n<ul data-start=\"3166\" data-end=\"3487\">\n<li data-start=\"3166\" data-end=\"3220\">\n<p data-start=\"3168\" data-end=\"3220\">Su consentimiento (por ejemplo, cuando se suscribe al marketing).<\/p>\n<\/li>\n<li data-start=\"3221\" data-end=\"3299\">\n<p data-start=\"3223\" data-end=\"3299\">Cumplimiento de un contrato (por ejemplo, proporcionarle el servicio que solicit\u00f3).<\/p>\n<\/li>\n<li data-start=\"3300\" data-end=\"3449\">\n<p data-start=\"3302\" data-end=\"3449\">Nuestros intereses leg\u00edtimos (por ejemplo, para an\u00e1lisis, para mejorar nuestro sitio, para prevenir el fraude), siempre que esos intereses no prevalezcan sobre sus derechos.<\/p>\n<\/li>\n<li data-start=\"3450\" data-end=\"3487\">\n<p data-start=\"3452\" data-end=\"3487\">Cumplimiento de una obligaci\u00f3n legal.<\/p>\n<\/li>\n<\/ul>\n<p data-start=\"3489\" data-end=\"3578\"><strong data-start=\"3489\" data-end=\"3538\">6. Compartir y divulgar su informaci\u00f3n<\/strong><br data-start=\"3538\" data-end=\"3541\">Podemos compartir su informaci\u00f3n con:<\/p>\n<ul data-start=\"3579\" data-end=\"4180\">\n<li data-start=\"3579\" data-end=\"3726\">\n<p data-start=\"3581\" data-end=\"3726\">Proveedores de servicios, vendedores y contratistas que prestan servicios en nuestro nombre (por ejemplo, alojamiento, an\u00e1lisis, entrega de correo electr\u00f3nico, automatizaci\u00f3n de marketing).<\/p>\n<\/li>\n<li data-start=\"3727\" data-end=\"3866\">\n<p data-start=\"3729\" data-end=\"3866\">Afiliados o socios comerciales, si corresponde, para ofertas conjuntas (solo si usted da su consentimiento o se divulga en el momento de la recopilaci\u00f3n).<\/p>\n<\/li>\n<li data-start=\"3867\" data-end=\"4180\">\n<p data-start=\"3869\" data-end=\"4180\">Las fuerzas del orden, los reguladores u otros terceros si as\u00ed lo exige la ley, para proteger nuestros derechos o en caso de fusi\u00f3n, adquisici\u00f3n o venta de activos.<br data-start=\"4024\" data-end=\"4027\"><strong data-start=\"4033\" data-end=\"4040\">No<\/strong> vendemos su informaci\u00f3n personal a terceros para sus fines de marketing directo (a menos que se divulgue lo contrario en el momento de la recopilaci\u00f3n).<\/p>\n<\/li>\n<\/ul>\n<p data-start=\"4182\" data-end=\"4591\"><strong data-start=\"4182\" data-end=\"4222\">7. Cookies y tecnolog\u00edas de seguimiento<\/strong><br data-start=\"4222\" data-end=\"4225\">Utilizamos cookies y tecnolog\u00edas de seguimiento similares para mejorar su experiencia en el sitio, comprender c\u00f3mo se utiliza el sitio y para fines de marketing\/publicidad. Puede administrar sus preferencias de cookies a trav\u00e9s de la configuraci\u00f3n de su navegador o mediante cualquier banner de consentimiento de cookies que implementemos.<br data-start=\"4499\" data-end=\"4502\">Para obtener informaci\u00f3n detallada sobre cookies\/seguimiento, consulte nuestra Pol\u00edtica de cookies (si corresponde). <\/p>\n<p data-start=\"4593\" data-end=\"4903\"><strong data-start=\"4593\" data-end=\"4614\">8. Retenci\u00f3n de datos<\/strong><br data-start=\"4614\" data-end=\"4617\">Conservamos su informaci\u00f3n personal solo el tiempo que sea necesario para los fines establecidos en esta Pol\u00edtica de privacidad (por ejemplo: para cumplir con sus solicitudes, cumplir con las obligaciones legales, resolver disputas, hacer cumplir nuestros acuerdos). Despu\u00e9s de eso, la informaci\u00f3n se elimina o se anonimiza. <\/p>\n<p data-start=\"4905\" data-end=\"5262\"><strong data-start=\"4905\" data-end=\"4935\">9. Transferencias internacionales<\/strong><br data-start=\"4935\" data-end=\"4938\">Si transferimos sus datos internacionalmente (por ejemplo, a proveedores de servicios ubicados en otros pa\u00edses), tomaremos las medidas de seguridad adecuadas para garantizar que sus datos est\u00e9n protegidos (por ejemplo, cl\u00e1usulas contractuales est\u00e1ndar, cuando sea necesario).<br data-start=\"5165\" data-end=\"5168\">Al utilizar nuestro sitio, usted da su consentimiento para la transferencia de sus datos fuera de su pa\u00eds de residencia.<\/p>\n<p data-start=\"5264\" data-end=\"5389\"><strong data-start=\"5264\" data-end=\"5283\">10. Sus derechos<\/strong><br data-start=\"5283\" data-end=\"5286\">Dependiendo de su jurisdicci\u00f3n, puede tener los siguientes derechos con respecto a sus datos personales:<\/p>\n<ul data-start=\"5390\" data-end=\"5942\">\n<li data-start=\"5390\" data-end=\"5461\">\n<p data-start=\"5392\" data-end=\"5461\">El derecho a acceder y obtener una copia de su informaci\u00f3n personal.<\/p>\n<\/li>\n<li data-start=\"5462\" data-end=\"5514\">\n<p data-start=\"5464\" data-end=\"5514\">El derecho a corregir o actualizar su informaci\u00f3n.<\/p>\n<\/li>\n<li data-start=\"5515\" data-end=\"5578\">\n<p data-start=\"5517\" data-end=\"5578\">El derecho a solicitar la eliminaci\u00f3n o restricci\u00f3n del procesamiento.<\/p>\n<\/li>\n<li data-start=\"5579\" data-end=\"5650\">\n<p data-start=\"5581\" data-end=\"5650\">El derecho a oponerse al procesamiento (incluso para marketing directo).<\/p>\n<\/li>\n<li data-start=\"5651\" data-end=\"5703\">\n<p data-start=\"5653\" data-end=\"5703\">En su caso, el derecho a la portabilidad de los datos.<\/p>\n<\/li>\n<li data-start=\"5704\" data-end=\"5942\">\n<p data-start=\"5706\" data-end=\"5942\">El derecho a retirar el consentimiento en cualquier momento (cuando el procesamiento se basa en el consentimiento).<br data-start=\"5787\" data-end=\"5790\">Para ejercer cualquiera de estos derechos, p\u00f3ngase en contacto con nosotros utilizando la informaci\u00f3n de contacto que figura en la secci\u00f3n 13 a continuaci\u00f3n. Responderemos de acuerdo con la ley aplicable. <\/p>\n<\/li>\n<\/ul>\n<p data-start=\"5944\" data-end=\"6209\"><strong data-start=\"5944\" data-end=\"5960\">11. Seguridad<\/strong><br data-start=\"5960\" data-end=\"5963\">Tomamos medidas administrativas, t\u00e9cnicas y f\u00edsicas razonables para salvaguardar la informaci\u00f3n que recopilamos y mantenemos. Si bien nos esforzamos por proteger sus datos, ninguna medida de seguridad es perfecta o impenetrable. No podemos garantizar la seguridad absoluta.  <\/p>\n<p data-start=\"6211\" data-end=\"6609\"><strong data-start=\"6211\" data-end=\"6237\">12. Privacidad de los ni\u00f1os<\/strong><br data-start=\"6237\" data-end=\"6240\">Nuestro sitio no est\u00e1 dirigido a ni\u00f1os menores de 13 a\u00f1os (o la edad m\u00ednima equivalente en su jurisdicci\u00f3n). No recopilamos conscientemente informaci\u00f3n personal de ni\u00f1os. Si nos damos cuenta de que hemos recopilado inadvertidamente datos personales de un ni\u00f1o sin la verificaci\u00f3n del consentimiento de los padres, tomaremos medidas para eliminar dicha informaci\u00f3n lo antes posible.  <\/p>\n<p data-start=\"6611\" data-end=\"6958\"><strong data-start=\"6611\" data-end=\"6649\">13. Cambios en esta Pol\u00edtica de privacidad<\/strong><br data-start=\"6649\" data-end=\"6652\">Es posible que actualicemos esta Pol\u00edtica de privacidad de vez en cuando. Publicaremos la nueva versi\u00f3n en el sitio y actualizaremos la fecha de \u201c\u00daltima actualizaci\u00f3n\u201d que aparece arriba. Le recomendamos que revise esta Pol\u00edtica de privacidad peri\u00f3dicamente. Si realizamos cambios importantes, proporcionaremos un aviso m\u00e1s destacado (por ejemplo, por correo electr\u00f3nico si est\u00e1 suscrito).   <\/p>\n<p data-start=\"6960\" data-end=\"7181\"><strong data-start=\"6960\" data-end=\"6978\">14. P\u00f3ngase en contacto con nosotros<\/strong><br data-start=\"6978\" data-end=\"6981\">Si tiene preguntas sobre esta Pol\u00edtica de privacidad o desea ejercer sus derechos, p\u00f3ngase en contacto con:<br data-start=\"7077\" data-end=\"7080\">Carlos D. Martinez <br data-start=\"7090\" data-end=\"7093\">4400 US-9 #1000, Freehold, NJ 07728<\/p>\n<p data-start=\"6960\" data-end=\"7181\">Tel\u00e9fono: (908) 589-4036<\/p>\n<\/div><\/div><\/div><\/div><\/div><\/p>\n","protected":false},"excerpt":{"rendered":"","protected":false},"author":1,"featured_media":0,"parent":0,"menu_order":0,"comment_status":"closed","ping_status":"closed","template":"100-width.php","meta":{"footnotes":""},"class_list":["post-846","page","type-page","status-publish","hentry"],"yoast_head":"<!-- This site is optimized with the Yoast SEO plugin v27.1.1 - https:\/\/yoast.com\/product\/yoast-seo-wordpress\/ -->\n<title>Pol\u00edtica de privacidad - Carlos Martinez<\/title>\n<meta name=\"robots\" content=\"index, follow, max-snippet:-1, max-image-preview:large, max-video-preview:-1\" \/>\n<link rel=\"canonical\" href=\"https:\/\/martinezlegal.co\/es\/politica-de-privacidad\/\" \/>\n<meta property=\"og:locale\" content=\"es_ES\" \/>\n<meta property=\"og:type\" content=\"article\" \/>\n<meta property=\"og:title\" content=\"Pol\u00edtica de privacidad - Carlos Martinez\" \/>\n<meta property=\"og:url\" content=\"https:\/\/martinezlegal.co\/es\/politica-de-privacidad\/\" \/>\n<meta property=\"og:site_name\" content=\"Carlos Martinez\" \/>\n<meta property=\"article:publisher\" content=\"https:\/\/www.facebook.com\/profile.php?id=61553876291770\" \/>\n<meta name=\"twitter:card\" content=\"summary_large_image\" \/>\n<meta name=\"twitter:site\" content=\"@CarlosDM_Esq\" \/>\n<meta name=\"twitter:label1\" content=\"Tiempo de lectura\" \/>\n\t<meta name=\"twitter:data1\" content=\"13 minutos\" \/>\n<script type=\"application\/ld+json\" class=\"yoast-schema-graph\">{\"@context\":\"https:\/\/schema.org\",\"@graph\":[{\"@type\":\"WebPage\",\"@id\":\"https:\/\/martinezlegal.co\/es\/politica-de-privacidad\/\",\"url\":\"https:\/\/martinezlegal.co\/es\/politica-de-privacidad\/\",\"name\":\"Pol\u00edtica de privacidad - Carlos Martinez\",\"isPartOf\":{\"@id\":\"https:\/\/martinezlegal.co\/es\/#website\"},\"datePublished\":\"2025-11-25T20:32:25+00:00\",\"breadcrumb\":{\"@id\":\"https:\/\/martinezlegal.co\/es\/politica-de-privacidad\/#breadcrumb\"},\"inLanguage\":\"es\",\"potentialAction\":[{\"@type\":\"ReadAction\",\"target\":[\"https:\/\/martinezlegal.co\/es\/politica-de-privacidad\/\"]}]},{\"@type\":\"BreadcrumbList\",\"@id\":\"https:\/\/martinezlegal.co\/es\/politica-de-privacidad\/#breadcrumb\",\"itemListElement\":[{\"@type\":\"ListItem\",\"position\":1,\"name\":\"Home\",\"item\":\"https:\/\/martinezlegal.co\/es\/\"},{\"@type\":\"ListItem\",\"position\":2,\"name\":\"Pol\u00edtica de privacidad\"}]},{\"@type\":\"WebSite\",\"@id\":\"https:\/\/martinezlegal.co\/es\/#website\",\"url\":\"https:\/\/martinezlegal.co\/es\/\",\"name\":\"Martinez Legal - Bankruptcy Expert in NJ\",\"description\":\"\",\"publisher\":{\"@id\":\"https:\/\/martinezlegal.co\/es\/#organization\"},\"potentialAction\":[{\"@type\":\"SearchAction\",\"target\":{\"@type\":\"EntryPoint\",\"urlTemplate\":\"https:\/\/martinezlegal.co\/es\/?s={search_term_string}\"},\"query-input\":{\"@type\":\"PropertyValueSpecification\",\"valueRequired\":true,\"valueName\":\"search_term_string\"}}],\"inLanguage\":\"es\"},{\"@type\":\"Organization\",\"@id\":\"https:\/\/martinezlegal.co\/es\/#organization\",\"name\":\"Martinez Legal - Bankruptcy Expert in NJ\",\"url\":\"https:\/\/martinezlegal.co\/es\/\",\"logo\":{\"@type\":\"ImageObject\",\"inLanguage\":\"es\",\"@id\":\"https:\/\/martinezlegal.co\/es\/#\/schema\/logo\/image\/\",\"url\":\"https:\/\/martinezlegal.co\/wp-content\/uploads\/2025\/11\/favicon.png\",\"contentUrl\":\"https:\/\/martinezlegal.co\/wp-content\/uploads\/2025\/11\/favicon.png\",\"width\":184,\"height\":184,\"caption\":\"Martinez Legal - Bankruptcy Expert in NJ\"},\"image\":{\"@id\":\"https:\/\/martinezlegal.co\/es\/#\/schema\/logo\/image\/\"},\"sameAs\":[\"https:\/\/www.facebook.com\/profile.php?id=61553876291770\",\"https:\/\/x.com\/CarlosDM_Esq\",\"https:\/\/www.instagram.com\/lawofficescdm\",\"https:\/\/www.youtube.com\/@carlosdmesq\",\"https:\/\/www.linkedin.com\/in\/carlosdesq\"]}]}<\/script>\n<!-- \/ Yoast SEO plugin. -->","yoast_head_json":{"title":"Pol\u00edtica de privacidad - Carlos Martinez","robots":{"index":"index","follow":"follow","max-snippet":"max-snippet:-1","max-image-preview":"max-image-preview:large","max-video-preview":"max-video-preview:-1"},"canonical":"https:\/\/martinezlegal.co\/es\/politica-de-privacidad\/","og_locale":"es_ES","og_type":"article","og_title":"Pol\u00edtica de privacidad - Carlos Martinez","og_url":"https:\/\/martinezlegal.co\/es\/politica-de-privacidad\/","og_site_name":"Carlos Martinez","article_publisher":"https:\/\/www.facebook.com\/profile.php?id=61553876291770","twitter_card":"summary_large_image","twitter_site":"@CarlosDM_Esq","twitter_misc":{"Tiempo de lectura":"13 minutos"},"schema":{"@context":"https:\/\/schema.org","@graph":[{"@type":"WebPage","@id":"https:\/\/martinezlegal.co\/es\/politica-de-privacidad\/","url":"https:\/\/martinezlegal.co\/es\/politica-de-privacidad\/","name":"Pol\u00edtica de privacidad - Carlos Martinez","isPartOf":{"@id":"https:\/\/martinezlegal.co\/es\/#website"},"datePublished":"2025-11-25T20:32:25+00:00","breadcrumb":{"@id":"https:\/\/martinezlegal.co\/es\/politica-de-privacidad\/#breadcrumb"},"inLanguage":"es","potentialAction":[{"@type":"ReadAction","target":["https:\/\/martinezlegal.co\/es\/politica-de-privacidad\/"]}]},{"@type":"BreadcrumbList","@id":"https:\/\/martinezlegal.co\/es\/politica-de-privacidad\/#breadcrumb","itemListElement":[{"@type":"ListItem","position":1,"name":"Home","item":"https:\/\/martinezlegal.co\/es\/"},{"@type":"ListItem","position":2,"name":"Pol\u00edtica de privacidad"}]},{"@type":"WebSite","@id":"https:\/\/martinezlegal.co\/es\/#website","url":"https:\/\/martinezlegal.co\/es\/","name":"Martinez Legal - Bankruptcy Expert in NJ","description":"","publisher":{"@id":"https:\/\/martinezlegal.co\/es\/#organization"},"potentialAction":[{"@type":"SearchAction","target":{"@type":"EntryPoint","urlTemplate":"https:\/\/martinezlegal.co\/es\/?s={search_term_string}"},"query-input":{"@type":"PropertyValueSpecification","valueRequired":true,"valueName":"search_term_string"}}],"inLanguage":"es"},{"@type":"Organization","@id":"https:\/\/martinezlegal.co\/es\/#organization","name":"Martinez Legal - Bankruptcy Expert in NJ","url":"https:\/\/martinezlegal.co\/es\/","logo":{"@type":"ImageObject","inLanguage":"es","@id":"https:\/\/martinezlegal.co\/es\/#\/schema\/logo\/image\/","url":"https:\/\/martinezlegal.co\/wp-content\/uploads\/2025\/11\/favicon.png","contentUrl":"https:\/\/martinezlegal.co\/wp-content\/uploads\/2025\/11\/favicon.png","width":184,"height":184,"caption":"Martinez Legal - Bankruptcy Expert in NJ"},"image":{"@id":"https:\/\/martinezlegal.co\/es\/#\/schema\/logo\/image\/"},"sameAs":["https:\/\/www.facebook.com\/profile.php?id=61553876291770","https:\/\/x.com\/CarlosDM_Esq","https:\/\/www.instagram.com\/lawofficescdm","https:\/\/www.youtube.com\/@carlosdmesq","https:\/\/www.linkedin.com\/in\/carlosdesq"]}]}},"_links":{"self":[{"href":"https:\/\/martinezlegal.co\/es\/wp-json\/wp\/v2\/pages\/846","targetHints":{"allow":["GET"]}}],"collection":[{"href":"https:\/\/martinezlegal.co\/es\/wp-json\/wp\/v2\/pages"}],"about":[{"href":"https:\/\/martinezlegal.co\/es\/wp-json\/wp\/v2\/types\/page"}],"author":[{"embeddable":true,"href":"https:\/\/martinezlegal.co\/es\/wp-json\/wp\/v2\/users\/1"}],"replies":[{"embeddable":true,"href":"https:\/\/martinezlegal.co\/es\/wp-json\/wp\/v2\/comments?post=846"}],"version-history":[{"count":0,"href":"https:\/\/martinezlegal.co\/es\/wp-json\/wp\/v2\/pages\/846\/revisions"}],"wp:attachment":[{"href":"https:\/\/martinezlegal.co\/es\/wp-json\/wp\/v2\/media?parent=846"}],"curies":[{"name":"wp","href":"https:\/\/api.w.org\/{rel}","templated":true}]}}