{"id":917,"date":"2025-11-25T03:13:15","date_gmt":"2025-11-25T03:13:15","guid":{"rendered":"https:\/\/martinezlegal.co\/ubicaciones\/iselin-nueva-jersey\/"},"modified":"2025-12-30T16:11:03","modified_gmt":"2025-12-30T16:11:03","slug":"iselin-nueva-jersey","status":"publish","type":"page","link":"https:\/\/martinezlegal.co\/es\/ubicaciones\/iselin-nueva-jersey\/","title":{"rendered":"Iselin, Nueva Jersey"},"content":{"rendered":"<p><div class=\"fusion-fullwidth fullwidth-box fusion-builder-row-1 fusion-flex-container has-pattern-background has-mask-background hundred-percent-fullwidth non-hundred-percent-height-scrolling\" style=\"--awb-border-radius-top-left:0px;--awb-border-radius-top-right:0px;--awb-border-radius-bottom-right:0px;--awb-border-radius-bottom-left:0px;--awb-min-height:120px;--awb-background-color:var(--awb-custom_color_4);--awb-flex-wrap:wrap;\" ><div class=\"fusion-builder-row fusion-row fusion-flex-align-items-flex-start fusion-flex-align-content-center fusion-flex-content-wrap\" style=\"width:104% !important;max-width:104% !important;margin-left: calc(-4% \/ 2 );margin-right: calc(-4% \/ 2 );\"><div class=\"fusion-layout-column fusion_builder_column fusion-builder-column-0 fusion_builder_column_1_1 1_1 fusion-flex-column\" style=\"--awb-bg-size:cover;--awb-width-large:100%;--awb-margin-top-large:0px;--awb-spacing-right-large:1.92%;--awb-margin-bottom-large:0px;--awb-spacing-left-large:1.92%;--awb-width-medium:100%;--awb-order-medium:0;--awb-spacing-right-medium:1.92%;--awb-spacing-left-medium:1.92%;--awb-width-small:100%;--awb-order-small:0;--awb-spacing-right-small:1.92%;--awb-spacing-left-small:1.92%;\"><div class=\"fusion-column-wrapper fusion-column-has-shadow fusion-flex-justify-content-flex-start fusion-content-layout-column\"><div class=\"fusion-title title fusion-title-1 fusion-sep-none fusion-title-center fusion-title-text fusion-title-size-one\" style=\"--awb-text-color:var(--awb-color1);--awb-margin-top:0px;--awb-margin-bottom:0px;--awb-font-size:44px;\"><h1 class=\"fusion-title-heading title-heading-center\" style=\"font-family:&quot;HalttoLight&quot;;font-style:normal;font-weight:400;margin:0;font-size:1em;line-height:54px;\">Abogado de bancarrota en Iselin, NJ<\/h1><\/div><\/div><\/div><\/div><\/div><div class=\"fusion-fullwidth fullwidth-box fusion-builder-row-2 fusion-flex-container has-pattern-background has-mask-background hundred-percent-fullwidth non-hundred-percent-height-scrolling\" style=\"--awb-border-radius-top-left:0px;--awb-border-radius-top-right:0px;--awb-border-radius-bottom-right:0px;--awb-border-radius-bottom-left:0px;--awb-padding-top:80px;--awb-padding-right:5%;--awb-padding-bottom:50px;--awb-padding-left:5%;--awb-flex-wrap:wrap;\" ><div class=\"fusion-builder-row fusion-row fusion-flex-align-items-flex-start fusion-flex-content-wrap\" style=\"width:104% !important;max-width:104% !important;margin-left: calc(-4% \/ 2 );margin-right: calc(-4% \/ 2 );\"><div class=\"fusion-layout-column fusion_builder_column fusion-builder-column-1 fusion_builder_column_1_2 1_2 fusion-flex-column\" style=\"--awb-bg-size:cover;--awb-width-large:50%;--awb-margin-top-large:0px;--awb-spacing-right-large:3.84%;--awb-margin-bottom-large:20px;--awb-spacing-left-large:3.84%;--awb-width-medium:50%;--awb-order-medium:0;--awb-spacing-right-medium:3.84%;--awb-spacing-left-medium:3.84%;--awb-width-small:100%;--awb-order-small:0;--awb-spacing-right-small:1.92%;--awb-spacing-left-small:1.92%;\"><div class=\"fusion-column-wrapper fusion-column-has-shadow fusion-flex-justify-content-flex-start fusion-content-layout-column\"><div class=\"fusion-text fusion-text-1\" style=\"--awb-font-size:17px;--awb-line-height:27px;--awb-text-color:#242424;--awb-max-width:670px;\"><p>Si te enfrentas a dificultades econ\u00f3micas y est\u00e1s considerando la posibilidad de declararte en bancarrota, nuestra oficina de Iselin est\u00e1 aqu\u00ed para ayudarte. Ubicada en el coraz\u00f3n del condado de Middlesex, nuestra firma ofrece apoyo personalizado y sin prejuicios a particulares y empresas que desean recuperar el control de sus finanzas. Tanto si est\u00e1 explorando el Cap\u00edtulo 7, el Cap\u00edtulo 13 o la bancarrota de empresas, puedes programar una consulta con un abogado de bancarrotas con experiencia aqu\u00ed mismo, en Iselin.  <\/p>\n<\/div><div class=\"fusion-title title fusion-title-2 fusion-sep-none fusion-title-text fusion-title-size-three\" style=\"--awb-text-color:#324869;--awb-margin-bottom:0px;--awb-font-size:22px;\"><h3 class=\"fusion-title-heading title-heading-left\" style=\"font-family:&quot;bicycletteregular&quot;;font-style:normal;font-weight:400;margin:0;font-size:1em;line-height:32px;\">OFICINA DE ISELIN, NJ<\/h3><\/div><div class=\"fusion-text fusion-text-2\" style=\"--awb-font-size:17px;--awb-line-height:27px;--awb-text-color:#242424;\"><p>33 South Wood Ave.,<br \/>\nSuite 600<br \/>\nIselin, NJ 08830<\/p>\n<\/div><div class=\"fusion-title title fusion-title-3 fusion-sep-none fusion-title-text fusion-title-size-three\" style=\"--awb-text-color:#324869;--awb-margin-bottom:0px;--awb-font-size:22px;\"><h3 class=\"fusion-title-heading title-heading-left\" style=\"font-family:&quot;bicycletteregular&quot;;font-style:normal;font-weight:400;margin:0;font-size:1em;line-height:32px;\">CONTACTATE CON NOSOTROS<\/h3><\/div><div class=\"fusion-text fusion-text-3\" style=\"--awb-font-size:17px;--awb-line-height:27px;--awb-text-color:#242424;\"><p>Tel\u00e9fono: (908) 589-4036<br \/>\nFax: (908) 900-1087<\/p>\n<\/div><div class=\"fusion-title title fusion-title-4 fusion-sep-none fusion-title-text fusion-title-size-three\" style=\"--awb-text-color:#324869;--awb-margin-bottom:0px;--awb-font-size:22px;\"><h3 class=\"fusion-title-heading title-heading-left\" style=\"font-family:&quot;bicycletteregular&quot;;font-style:normal;font-weight:400;margin:0;font-size:1em;line-height:32px;\">HORARIO DE OFICINA<\/h3><\/div><div class=\"fusion-text fusion-text-4\" style=\"--awb-font-size:17px;--awb-line-height:27px;--awb-text-color:#242424;\"><p>Lunes a viernes: 9:00 AM \u2013 5:00 PM<br \/>\nS\u00e1bado: Solo con cita previa<br \/>\nDomingo: Cerrado<\/p>\n<\/div><\/div><\/div><div class=\"fusion-layout-column fusion_builder_column fusion-builder-column-2 fusion_builder_column_1_2 1_2 fusion-flex-column\" style=\"--awb-bg-size:cover;--awb-width-large:50%;--awb-margin-top-large:0px;--awb-spacing-right-large:3.84%;--awb-margin-bottom-large:20px;--awb-spacing-left-large:3.84%;--awb-width-medium:50%;--awb-order-medium:0;--awb-spacing-right-medium:3.84%;--awb-spacing-left-medium:3.84%;--awb-width-small:100%;--awb-order-small:0;--awb-spacing-right-small:1.92%;--awb-spacing-left-small:1.92%;\"><div class=\"fusion-column-wrapper fusion-column-has-shadow fusion-flex-justify-content-flex-start fusion-content-layout-column\"><iframe src=\"https:\/\/www.google.com\/maps\/embed?pb=!1m18!1m12!1m3!1d3030.938998089188!2d-74.33137942376153!3d40.56502434659999!2m3!1f0!2f0!3f0!3m2!1i1024!2i768!4f13.1!3m3!1m2!1s0x89c3b726b337c5ed%3A0xafbf46f03283ad44!2sLaw%20Offices%20of%20Carlos%20D.%20Martinez!5e0!3m2!1sen!2ssv!4v1764040995884!5m2!1sen!2ssv\" width=\"600\" height=\"450\" style=\"border:0;\" allowfullscreen=\"\" loading=\"lazy\" referrerpolicy=\"no-referrer-when-downgrade\"><\/iframe><\/div><\/div><\/div><\/div><div class=\"fusion-fullwidth fullwidth-box fusion-builder-row-3 fusion-flex-container has-pattern-background has-mask-background fusion-parallax-none nonhundred-percent-fullwidth non-hundred-percent-height-scrolling\" style=\"--awb-border-radius-top-left:0px;--awb-border-radius-top-right:0px;--awb-border-radius-bottom-right:0px;--awb-border-radius-bottom-left:0px;--awb-padding-top:60px;--awb-padding-bottom:50px;--awb-background-color:var(--awb-custom_color_2);--awb-background-image:url(&quot;https:\/\/martinezlegal.co\/wp-content\/uploads\/2025\/11\/CM.png&quot;);--awb-background-size:30%;--awb-flex-wrap:wrap;\" ><div class=\"fusion-builder-row fusion-row fusion-flex-align-items-flex-start fusion-flex-content-wrap\" style=\"max-width:1248px;margin-left: calc(-4% \/ 2 );margin-right: calc(-4% \/ 2 );\"><div class=\"fusion-layout-column fusion_builder_column fusion-builder-column-3 fusion_builder_column_1_1 1_1 fusion-flex-column\" style=\"--awb-bg-size:cover;--awb-width-large:100%;--awb-margin-top-large:0px;--awb-spacing-right-large:1.92%;--awb-margin-bottom-large:20px;--awb-spacing-left-large:1.92%;--awb-width-medium:100%;--awb-order-medium:0;--awb-spacing-right-medium:1.92%;--awb-spacing-left-medium:1.92%;--awb-width-small:100%;--awb-order-small:0;--awb-spacing-right-small:1.92%;--awb-spacing-left-small:1.92%;\"><div class=\"fusion-column-wrapper fusion-column-has-shadow fusion-flex-justify-content-flex-start fusion-content-layout-column\"><div class=\"fusion-title title fusion-title-5 fusion-sep-none fusion-title-center fusion-title-text fusion-title-size-three\" style=\"--awb-text-color:var(--awb-custom_color_3);--awb-margin-bottom:0px;--awb-font-size:22px;\"><h3 class=\"fusion-title-heading title-heading-center\" style=\"font-family:&quot;bicycletteregular&quot;;font-style:normal;font-weight:400;margin:0;text-transform:uppercase;font-size:1em;line-height:32px;\">Hablemos<\/h3><\/div><div class=\"fusion-title title fusion-title-6 fusion-sep-none fusion-title-center fusion-title-text fusion-title-size-two\" style=\"--awb-text-color:var(--awb-color1);--awb-margin-top:0px;--awb-font-size:40px;\"><h2 class=\"fusion-title-heading title-heading-center\" style=\"font-family:&quot;HalttoLight&quot;;font-style:normal;font-weight:400;margin:0;text-transform:none;font-size:1em;line-height:54px;\">Programa una consulta gratuita<\/h2><\/div><div class=\"fusion-text fusion-text-5\" style=\"--awb-content-alignment:center;--awb-font-size:20px;--awb-line-height:34px;--awb-text-color:var(--awb-color1);\"><p>Visita nuestra oficina de Iselin y re\u00fanete con un abogado de bancarrotas que te escuchar\u00e1, entender\u00e1 y crear\u00e1 un plan adaptado a tus necesidades. Ll\u00e1manos al (908) 589-4036 o reserva tu consulta hoy mismo.<\/p>\n<\/div><div style=\"text-align:center;\"><a class=\"fusion-button button-flat fusion-button-default-size button-default fusion-button-default button-1 fusion-button-default-span fusion-button-default-type\" style=\"--button_text_transform:uppercase;\" target=\"_self\" href=\"\/es\/contacto\" id=\"btn-home-banner\"><span class=\"fusion-button-text awb-button__text awb-button__text--default\">pOnTe en contacto con nosotros<\/span><i class=\"fa-arrow-right fas awb-button__icon awb-button__icon--default button-icon-right\" aria-hidden=\"true\"><\/i><\/a><\/div><\/div><\/div><\/div><\/div><\/p>\n","protected":false},"excerpt":{"rendered":"","protected":false},"author":1,"featured_media":0,"parent":866,"menu_order":0,"comment_status":"closed","ping_status":"closed","template":"100-width.php","meta":{"footnotes":""},"class_list":["post-917","page","type-page","status-publish","hentry"],"yoast_head":"<!-- This site is optimized with the Yoast SEO plugin v27.1.1 - https:\/\/yoast.com\/product\/yoast-seo-wordpress\/ -->\n<title>Abogado de bancarrota en Iselin, NJ | Oficinas Legales de Carlos Martinez<\/title>\n<meta name=\"description\" content=\"Visite nuestra oficina en Iselin, NJ, para obtener asesoramiento personalizado sobre bancarrotas. Ayuda con el Cap\u00edtulo 7, el Cap\u00edtulo 13 y la bancarrota de empresas. Programe su consulta gratuita hoy mismo.\" \/>\n<meta name=\"robots\" content=\"index, follow, max-snippet:-1, max-image-preview:large, max-video-preview:-1\" \/>\n<link rel=\"canonical\" href=\"https:\/\/martinezlegal.co\/es\/ubicaciones\/iselin-nueva-jersey\/\" \/>\n<meta property=\"og:locale\" content=\"es_ES\" \/>\n<meta property=\"og:type\" content=\"article\" \/>\n<meta property=\"og:title\" content=\"Abogado de bancarrota en Iselin, NJ | Oficinas Legales de Carlos Martinez\" \/>\n<meta property=\"og:description\" content=\"Visite nuestra oficina en Iselin, NJ, para obtener asesoramiento personalizado sobre bancarrotas. Ayuda con el Cap\u00edtulo 7, el Cap\u00edtulo 13 y la bancarrota de empresas. Programe su consulta gratuita hoy mismo.\" \/>\n<meta property=\"og:url\" content=\"https:\/\/martinezlegal.co\/es\/ubicaciones\/iselin-nueva-jersey\/\" \/>\n<meta property=\"og:site_name\" content=\"Carlos Martinez\" \/>\n<meta property=\"article:publisher\" content=\"https:\/\/www.facebook.com\/profile.php?id=61553876291770\" \/>\n<meta property=\"article:modified_time\" content=\"2025-12-30T16:11:03+00:00\" \/>\n<meta name=\"twitter:card\" content=\"summary_large_image\" \/>\n<meta name=\"twitter:site\" content=\"@CarlosDM_Esq\" \/>\n<meta name=\"twitter:label1\" content=\"Tiempo de lectura\" \/>\n\t<meta name=\"twitter:data1\" content=\"16 minutos\" \/>\n<script type=\"application\/ld+json\" class=\"yoast-schema-graph\">{\"@context\":\"https:\/\/schema.org\",\"@graph\":[{\"@type\":\"WebPage\",\"@id\":\"https:\/\/martinezlegal.co\/es\/ubicaciones\/iselin-nueva-jersey\/\",\"url\":\"https:\/\/martinezlegal.co\/es\/ubicaciones\/iselin-nueva-jersey\/\",\"name\":\"Abogado de bancarrota en Iselin, NJ | Oficinas Legales de Carlos Martinez\",\"isPartOf\":{\"@id\":\"https:\/\/martinezlegal.co\/es\/#website\"},\"datePublished\":\"2025-11-25T03:13:15+00:00\",\"dateModified\":\"2025-12-30T16:11:03+00:00\",\"description\":\"Visite nuestra oficina en Iselin, NJ, para obtener asesoramiento personalizado sobre bancarrotas. Ayuda con el Cap\u00edtulo 7, el Cap\u00edtulo 13 y la bancarrota de empresas. Programe su consulta gratuita hoy mismo.\",\"breadcrumb\":{\"@id\":\"https:\/\/martinezlegal.co\/es\/ubicaciones\/iselin-nueva-jersey\/#breadcrumb\"},\"inLanguage\":\"es\",\"potentialAction\":[{\"@type\":\"ReadAction\",\"target\":[\"https:\/\/martinezlegal.co\/es\/ubicaciones\/iselin-nueva-jersey\/\"]}]},{\"@type\":\"BreadcrumbList\",\"@id\":\"https:\/\/martinezlegal.co\/es\/ubicaciones\/iselin-nueva-jersey\/#breadcrumb\",\"itemListElement\":[{\"@type\":\"ListItem\",\"position\":1,\"name\":\"Home\",\"item\":\"https:\/\/martinezlegal.co\/es\/\"},{\"@type\":\"ListItem\",\"position\":2,\"name\":\"Ubicaciones\",\"item\":\"https:\/\/martinezlegal.co\/es\/ubicaciones\/\"},{\"@type\":\"ListItem\",\"position\":3,\"name\":\"Iselin, Nueva Jersey\"}]},{\"@type\":\"WebSite\",\"@id\":\"https:\/\/martinezlegal.co\/es\/#website\",\"url\":\"https:\/\/martinezlegal.co\/es\/\",\"name\":\"Martinez Legal - Bankruptcy Expert in NJ\",\"description\":\"\",\"publisher\":{\"@id\":\"https:\/\/martinezlegal.co\/es\/#organization\"},\"potentialAction\":[{\"@type\":\"SearchAction\",\"target\":{\"@type\":\"EntryPoint\",\"urlTemplate\":\"https:\/\/martinezlegal.co\/es\/?s={search_term_string}\"},\"query-input\":{\"@type\":\"PropertyValueSpecification\",\"valueRequired\":true,\"valueName\":\"search_term_string\"}}],\"inLanguage\":\"es\"},{\"@type\":\"Organization\",\"@id\":\"https:\/\/martinezlegal.co\/es\/#organization\",\"name\":\"Martinez Legal - Bankruptcy Expert in NJ\",\"url\":\"https:\/\/martinezlegal.co\/es\/\",\"logo\":{\"@type\":\"ImageObject\",\"inLanguage\":\"es\",\"@id\":\"https:\/\/martinezlegal.co\/es\/#\/schema\/logo\/image\/\",\"url\":\"https:\/\/martinezlegal.co\/wp-content\/uploads\/2025\/11\/favicon.png\",\"contentUrl\":\"https:\/\/martinezlegal.co\/wp-content\/uploads\/2025\/11\/favicon.png\",\"width\":184,\"height\":184,\"caption\":\"Martinez Legal - Bankruptcy Expert in NJ\"},\"image\":{\"@id\":\"https:\/\/martinezlegal.co\/es\/#\/schema\/logo\/image\/\"},\"sameAs\":[\"https:\/\/www.facebook.com\/profile.php?id=61553876291770\",\"https:\/\/x.com\/CarlosDM_Esq\",\"https:\/\/www.instagram.com\/lawofficescdm\",\"https:\/\/www.youtube.com\/@carlosdmesq\",\"https:\/\/www.linkedin.com\/in\/carlosdesq\"]}]}<\/script>\n<!-- \/ Yoast SEO plugin. -->","yoast_head_json":{"title":"Abogado de bancarrota en Iselin, NJ | Oficinas Legales de Carlos Martinez","description":"Visite nuestra oficina en Iselin, NJ, para obtener asesoramiento personalizado sobre bancarrotas. Ayuda con el Cap\u00edtulo 7, el Cap\u00edtulo 13 y la bancarrota de empresas. Programe su consulta gratuita hoy mismo.","robots":{"index":"index","follow":"follow","max-snippet":"max-snippet:-1","max-image-preview":"max-image-preview:large","max-video-preview":"max-video-preview:-1"},"canonical":"https:\/\/martinezlegal.co\/es\/ubicaciones\/iselin-nueva-jersey\/","og_locale":"es_ES","og_type":"article","og_title":"Abogado de bancarrota en Iselin, NJ | Oficinas Legales de Carlos Martinez","og_description":"Visite nuestra oficina en Iselin, NJ, para obtener asesoramiento personalizado sobre bancarrotas. Ayuda con el Cap\u00edtulo 7, el Cap\u00edtulo 13 y la bancarrota de empresas. Programe su consulta gratuita hoy mismo.","og_url":"https:\/\/martinezlegal.co\/es\/ubicaciones\/iselin-nueva-jersey\/","og_site_name":"Carlos Martinez","article_publisher":"https:\/\/www.facebook.com\/profile.php?id=61553876291770","article_modified_time":"2025-12-30T16:11:03+00:00","twitter_card":"summary_large_image","twitter_site":"@CarlosDM_Esq","twitter_misc":{"Tiempo de lectura":"16 minutos"},"schema":{"@context":"https:\/\/schema.org","@graph":[{"@type":"WebPage","@id":"https:\/\/martinezlegal.co\/es\/ubicaciones\/iselin-nueva-jersey\/","url":"https:\/\/martinezlegal.co\/es\/ubicaciones\/iselin-nueva-jersey\/","name":"Abogado de bancarrota en Iselin, NJ | Oficinas Legales de Carlos Martinez","isPartOf":{"@id":"https:\/\/martinezlegal.co\/es\/#website"},"datePublished":"2025-11-25T03:13:15+00:00","dateModified":"2025-12-30T16:11:03+00:00","description":"Visite nuestra oficina en Iselin, NJ, para obtener asesoramiento personalizado sobre bancarrotas. Ayuda con el Cap\u00edtulo 7, el Cap\u00edtulo 13 y la bancarrota de empresas. Programe su consulta gratuita hoy mismo.","breadcrumb":{"@id":"https:\/\/martinezlegal.co\/es\/ubicaciones\/iselin-nueva-jersey\/#breadcrumb"},"inLanguage":"es","potentialAction":[{"@type":"ReadAction","target":["https:\/\/martinezlegal.co\/es\/ubicaciones\/iselin-nueva-jersey\/"]}]},{"@type":"BreadcrumbList","@id":"https:\/\/martinezlegal.co\/es\/ubicaciones\/iselin-nueva-jersey\/#breadcrumb","itemListElement":[{"@type":"ListItem","position":1,"name":"Home","item":"https:\/\/martinezlegal.co\/es\/"},{"@type":"ListItem","position":2,"name":"Ubicaciones","item":"https:\/\/martinezlegal.co\/es\/ubicaciones\/"},{"@type":"ListItem","position":3,"name":"Iselin, Nueva Jersey"}]},{"@type":"WebSite","@id":"https:\/\/martinezlegal.co\/es\/#website","url":"https:\/\/martinezlegal.co\/es\/","name":"Martinez Legal - Bankruptcy Expert in NJ","description":"","publisher":{"@id":"https:\/\/martinezlegal.co\/es\/#organization"},"potentialAction":[{"@type":"SearchAction","target":{"@type":"EntryPoint","urlTemplate":"https:\/\/martinezlegal.co\/es\/?s={search_term_string}"},"query-input":{"@type":"PropertyValueSpecification","valueRequired":true,"valueName":"search_term_string"}}],"inLanguage":"es"},{"@type":"Organization","@id":"https:\/\/martinezlegal.co\/es\/#organization","name":"Martinez Legal - Bankruptcy Expert in NJ","url":"https:\/\/martinezlegal.co\/es\/","logo":{"@type":"ImageObject","inLanguage":"es","@id":"https:\/\/martinezlegal.co\/es\/#\/schema\/logo\/image\/","url":"https:\/\/martinezlegal.co\/wp-content\/uploads\/2025\/11\/favicon.png","contentUrl":"https:\/\/martinezlegal.co\/wp-content\/uploads\/2025\/11\/favicon.png","width":184,"height":184,"caption":"Martinez Legal - Bankruptcy Expert in NJ"},"image":{"@id":"https:\/\/martinezlegal.co\/es\/#\/schema\/logo\/image\/"},"sameAs":["https:\/\/www.facebook.com\/profile.php?id=61553876291770","https:\/\/x.com\/CarlosDM_Esq","https:\/\/www.instagram.com\/lawofficescdm","https:\/\/www.youtube.com\/@carlosdmesq","https:\/\/www.linkedin.com\/in\/carlosdesq"]}]}},"_links":{"self":[{"href":"https:\/\/martinezlegal.co\/es\/wp-json\/wp\/v2\/pages\/917","targetHints":{"allow":["GET"]}}],"collection":[{"href":"https:\/\/martinezlegal.co\/es\/wp-json\/wp\/v2\/pages"}],"about":[{"href":"https:\/\/martinezlegal.co\/es\/wp-json\/wp\/v2\/types\/page"}],"author":[{"embeddable":true,"href":"https:\/\/martinezlegal.co\/es\/wp-json\/wp\/v2\/users\/1"}],"replies":[{"embeddable":true,"href":"https:\/\/martinezlegal.co\/es\/wp-json\/wp\/v2\/comments?post=917"}],"version-history":[{"count":0,"href":"https:\/\/martinezlegal.co\/es\/wp-json\/wp\/v2\/pages\/917\/revisions"}],"up":[{"embeddable":true,"href":"https:\/\/martinezlegal.co\/es\/wp-json\/wp\/v2\/pages\/866"}],"wp:attachment":[{"href":"https:\/\/martinezlegal.co\/es\/wp-json\/wp\/v2\/media?parent=917"}],"curies":[{"name":"wp","href":"https:\/\/api.w.org\/{rel}","templated":true}]}}